{"id":13,"date":"2017-01-23T13:11:42","date_gmt":"2017-01-23T13:11:42","guid":{"rendered":"http:\/\/www.pcan.es\/nueva_web\/?page_id=13"},"modified":"2024-07-17T08:02:52","modified_gmt":"2024-07-17T08:02:52","slug":"historia","status":"publish","type":"page","link":"https:\/\/www.pcan.es\/nueva_web\/historia\/","title":{"rendered":"HISTORIA"},"content":{"rendered":"<div class=\"wpb-content-wrapper\"><p>[vc_row][vc_column width=\u00bb2\/3&#8243;][vc_column_text]Petrol\u00edfera Canaria S.A. se fund\u00f3 en Santa Cruz de Tenerife en el a\u00f1o 1992, por tanto tenemos m\u00e1s de 20 a\u00f1os de historia en nuestras islas, como Agrupaci\u00f3n de Inter\u00e9s Econ\u00f3mico, por un peque\u00f1o grupo de propietarios de Estaciones de Servicio, los cu\u00e1les se plantearon los siguientes objetivos:<\/p>\n<ul>\n<li>Ser una empresa canaria con capital cien por cien canario.<\/li>\n<li>No continuar bajo la bandera de las multinacionales.<\/li>\n<li>Conseguir un rendimiento econ\u00f3mico que las hiciera sostenibles<\/li>\n<li>Crear una red de Estaciones de Servicio.<\/li>\n<\/ul>\n<p class=\"rt-center largemargintop largemarginbottom\">Tras obtener las autorizaciones pertinentes, efect\u00faa su\u00a0primer suministro en la isla de Tenerife en abril del 1995 a las primeras 6 estaciones de servicio. Dos a\u00f1os m\u00e1s tarde, en 1997 comienzan los suministros en la isla de Fuerteventura, cerr\u00e1ndose el a\u00f1o con 12 estaciones, justo el doble que al inicio de nuestra andadura comercial.<\/p>\n<p>A finales de 1999 la isla de Gran Canaria se incorpora como la tercera isla donde nos encontramos representados, terminando dicho a\u00f1o con 14 puntos de venta. A principios de 2001 llegamos la cuarta isla, en este caso se trata de Lanzarote, y se supera la veintena de puntos de venta.<\/p>\n<p>Mediado el 2004 es la isla de La Palma la que se incorpora a este proyecto, alcanzando la treintena de estaciones de servicio. En el a\u00f1o 2005 la Agrupaci\u00f3n de Inter\u00e9s Econ\u00f3mica se transforma en Petrol\u00edfera Canaria, Sociedad An\u00f3nima En la actualidad superamos la quincena\u00a0de estaciones de servicio y estamos presentes en las Islas de Tenerife, Fuerteventura, Gran Canaria, Lanzarote y La Palma.<\/p>\n<p>[\/vc_column_text][vc_text_separator title=\u00bbNOTICIAS\u00bb color=\u00bbsky\u00bb][vc_basic_grid post_type=\u00bbpost\u00bb max_items=\u00bb6&#8243; style=\u00bbload-more\u00bb grid_id=\u00bbvc_gid:1486388392113-53721363-a322-0&#8243;][\/vc_column][vc_column width=\u00bb1\/3&#8243;][vc_single_image image=\u00bb146&#8243; img_size=\u00bb400&#215;400&#8243;][vc_column_text]<iframe loading=\"lazy\" style=\"border: none; overflow: hidden;\" src=\"https:\/\/www.facebook.com\/plugins\/page.php?href=https%3A%2F%2Fwww.facebook.com%2Fpcan7islas&amp;tabs=timeline&amp;width=350&amp;height=800&amp;small_header=false&amp;adapt_container_width=true&amp;hide_cover=false&amp;show_facepile=true&amp;appId=252801881396609\" width=\"350\" height=\"800\" frameborder=\"0\" scrolling=\"no\"><\/iframe>[\/vc_column_text][\/vc_column][\/vc_row]<\/p>\n<\/div>","protected":false},"excerpt":{"rendered":"<p>[vc_row][vc_column width=\u00bb2\/3&#8243;][vc_column_text]Petrol\u00edfera Canaria S.A. se fund\u00f3 en Santa Cruz de Tenerife en el a\u00f1o 1992, por tanto tenemos m\u00e1s de 20 a\u00f1os de historia en nuestras islas, como Agrupaci\u00f3n de Inter\u00e9s Econ\u00f3mico, por un peque\u00f1o grupo de propietarios de Estaciones de Servicio, los cu\u00e1les se plantearon los siguientes objetivos: Ser una empresa canaria con capital [&hellip;]<\/p>\n","protected":false},"author":1,"featured_media":158,"parent":0,"menu_order":0,"comment_status":"closed","ping_status":"closed","template":"","meta":{"footnotes":""},"class_list":["post-13","page","type-page","status-publish","has-post-thumbnail","hentry"],"_links":{"self":[{"href":"https:\/\/www.pcan.es\/nueva_web\/wp-json\/wp\/v2\/pages\/13","targetHints":{"allow":["GET"]}}],"collection":[{"href":"https:\/\/www.pcan.es\/nueva_web\/wp-json\/wp\/v2\/pages"}],"about":[{"href":"https:\/\/www.pcan.es\/nueva_web\/wp-json\/wp\/v2\/types\/page"}],"author":[{"embeddable":true,"href":"https:\/\/www.pcan.es\/nueva_web\/wp-json\/wp\/v2\/users\/1"}],"replies":[{"embeddable":true,"href":"https:\/\/www.pcan.es\/nueva_web\/wp-json\/wp\/v2\/comments?post=13"}],"version-history":[{"count":8,"href":"https:\/\/www.pcan.es\/nueva_web\/wp-json\/wp\/v2\/pages\/13\/revisions"}],"predecessor-version":[{"id":164,"href":"https:\/\/www.pcan.es\/nueva_web\/wp-json\/wp\/v2\/pages\/13\/revisions\/164"}],"wp:featuredmedia":[{"embeddable":true,"href":"https:\/\/www.pcan.es\/nueva_web\/wp-json\/wp\/v2\/media\/158"}],"wp:attachment":[{"href":"https:\/\/www.pcan.es\/nueva_web\/wp-json\/wp\/v2\/media?parent=13"}],"curies":[{"name":"wp","href":"https:\/\/api.w.org\/{rel}","templated":true}]}}