{"id":323,"date":"2017-02-08T13:07:28","date_gmt":"2017-02-08T13:07:28","guid":{"rendered":"http:\/\/www.pcan.es\/nueva_web\/?page_id=323"},"modified":"2017-02-16T14:27:41","modified_gmt":"2017-02-16T14:27:41","slug":"pcan-euroguarapo","status":"publish","type":"page","link":"https:\/\/www.pcan.es\/nueva_web\/pcan-euroguarapo\/","title":{"rendered":"PCAN EUROGUARAPO"},"content":{"rendered":"<div class=\"wpb-content-wrapper\"><p>[vc_row][vc_column][vc_gmaps link=\u00bb#E-8_JTNDaWZyYW1lJTIwc3JjJTNEJTIyaHR0cHMlM0ElMkYlMkZ3d3cuZ29vZ2xlLmNvbSUyRm1hcHMlMkZlbWJlZCUzRnBiJTNEJTIxMW0xNCUyMTFtOCUyMTFtMyUyMTFkMTQwNzcuOTU5NDA0ODQxNjA2JTIxMmQtMTYuNTUwMjI1JTIxM2QyOC4xMDExJTIxM20yJTIxMWkxMDI0JTIxMmk3NjglMjE0ZjEzLjElMjEzbTMlMjExbTIlMjExczB4MCUyNTNBMHhkMjQ2YmUwMTZkZGMxNmE5JTIxMnNHYXNvbGluZXJhJTJCRXVyb2d1YXJhcG8lMjE1ZTAlMjEzbTIlMjExc2VzJTIxMnNlcyUyMTR2MTQ4NzI1NDgwMjQ2NiUyMiUyMHdpZHRoJTNEJTIyNjAwJTIyJTIwaGVpZ2h0JTNEJTIyNDUwJTIyJTIwZnJhbWVib3JkZXIlM0QlMjIwJTIyJTIwc3R5bGUlM0QlMjJib3JkZXIlM0EwJTIyJTIwYWxsb3dmdWxsc2NyZWVuJTNFJTNDJTJGaWZyYW1lJTNF\u00bb][\/vc_column][\/vc_row][vc_row][vc_column][vc_column_text]<\/p>\n<h2><strong>PCAN\u00a0EUROGUARAPO &#8211; CHIMICHE<\/strong><\/h2>\n<p><img loading=\"lazy\" decoding=\"async\" class=\"size-full wp-image-394 alignleft\" src=\"https:\/\/www.pcan.es\/nueva_web\/wp-content\/uploads\/2017\/02\/euroguarapo_portada.jpg\" alt=\"\" width=\"450\" height=\"600\" srcset=\"https:\/\/www.pcan.es\/nueva_web\/wp-content\/uploads\/2017\/02\/euroguarapo_portada.jpg 450w, https:\/\/www.pcan.es\/nueva_web\/wp-content\/uploads\/2017\/02\/euroguarapo_portada-225x300.jpg 225w\" sizes=\"auto, (max-width: 450px) 100vw, 450px\" \/>Estaci\u00f3n de servicio en Chimiche (fundada en 2001).<\/p>\n<p>\u00c9sta instalaci\u00f3n est\u00e1 dirigida\u00a0<strong>a todo el p\u00fablico<\/strong>\u00a0y se adapta a las necesidades especiales de nuestros clientes siendo especialmente sensibles con los profesionales del sector del transporte.<\/p>\n<p>En \u00abLa Venta\u00bb tenemos todos los productos que necesitar\u00e1s en tu viaje, ya que disponemos de bebidas, alimentaci\u00f3n, snacks y prensa,\u00a0\u00fatiles para el veh\u00edculo, adem\u00e1s de \u00e1rboles frutales.<\/p>\n<p>Tenemos un recinto habilitado para caballos, terraza y bar con especialidad en arepas.<\/p>\n<p>Nuestro principal objetivo es satisfacer las necesidades de nuestros clientes en todos los \u00e1mbitos, para aportar un valor a\u00f1adido.<\/p>\n<p>Si quieres que tu viaje sea perfecto no te olvides de repostar en nuestras gasolineras.<\/p>\n<h3><\/h3>\n<p>[\/vc_column_text][\/vc_column][\/vc_row][vc_row][vc_column width=\u00bb1\/2&#8243;][vc_column_text]<\/p>\n<h2><strong>CONTACTO PCAN\u00a0CHIMICHE<\/strong><\/h2>\n<p>Crtra. San Isidro &#8211; Chimiche, km 4<\/p>\n<p>38616 Granadilla<\/p>\n<p>Tel\u00e9fono: 922 77 24 90\u00a0Tel\u00e9fono y\u00a0Fax: 922 77 12 93<\/p>\n<p><a href=\"mailto:chimiche@pcan.es\">chimiche@pcan.es<\/a><\/p>\n<p><strong>Horario:<\/strong><\/p>\n<p>Servicios en pista L-D (6:00 &#8211; 22:00h).<\/p>\n<p>Cafeter\u00eda L-D (6-23:00h)[\/vc_column_text][\/vc_column][vc_column width=\u00bb1\/2&#8243;][vc_column_text]<\/p>\n<h2><strong>SERVICIOS PCAN\u00a0CHIMICHE<\/strong><\/h2>\n<h2><strong><img loading=\"lazy\" decoding=\"async\" class=\"alignnone size-full wp-image-216\" src=\"https:\/\/www.pcan.es\/nueva_web\/wp-content\/uploads\/2017\/02\/repostaje.jpg\" alt=\"\" width=\"69\" height=\"72\" \/><img loading=\"lazy\" decoding=\"async\" class=\"alignnone size-full wp-image-219\" src=\"https:\/\/www.pcan.es\/nueva_web\/wp-content\/uploads\/2017\/02\/supermercado.png\" alt=\"\" width=\"64\" height=\"59\" \/><img loading=\"lazy\" decoding=\"async\" class=\"alignnone size-full wp-image-208\" src=\"https:\/\/www.pcan.es\/nueva_web\/wp-content\/uploads\/2017\/02\/cafeteria.png\" alt=\"\" width=\"64\" height=\"59\" \/><img loading=\"lazy\" decoding=\"async\" class=\"alignnone size-full wp-image-220\" src=\"https:\/\/www.pcan.es\/nueva_web\/wp-content\/uploads\/2017\/02\/terraza.jpg\" alt=\"\" width=\"64\" height=\"59\" \/><\/strong><\/h2>\n<p>[\/vc_column_text][\/vc_column][\/vc_row][vc_row][vc_column][vc_text_separator title=\u00bbFOTOS\u00bb color=\u00bbsky\u00bb add_icon=\u00bbtrue\u00bb][vc_gallery interval=\u00bb3&#8243; images=\u00bb396,397,398,399,400,401&#8243; img_size=\u00bbfull\u00bb][\/vc_column][\/vc_row][vc_row][vc_column][vc_text_separator title=\u00bbNOTICIAS\u00bb i_icon_fontawesome=\u00bbfa fa-rss\u00bb color=\u00bbsky\u00bb add_icon=\u00bbtrue\u00bb]\t\t\t<div class=\" bs-listing\n\t\t\tbs-listing-modern-grid-listing-7 bs-listing-single-tab\">\n\t\t\t\t<div\n\t\tclass=\"listing listing-modern-grid listing-modern-grid-7 clearfix slider-overlay-simple-gr\">\n\t\t<div class=\"mg-row mg-row-1 clearfix\">\n\t\t\t<div class=\"mg-col mg-col-1\">\n\t\t\t\t\t<article class=\"post-752 type-post format-standard has-post-thumbnail listing-item-1 listing-item listing-mg-item listing-mg-7-item listing-mg-type-1 main-term-6\">\n\t\t<div class=\"item-content\">\n\t\t\t<a class=\"img-cont\" href=\"https:\/\/www.pcan.es\/nueva_web\/recomendaciones-para-el-mantenimiento-de-tu-vehiculo-en-la-cuarentena\/\" title=\"RECOMENDACIONES PARA EL MANTENIMIENTO DE TU VEH\u00cdCULO EN LA CUARENTENA\"\n\t\t\t   style=\"background-image: url('https:\/\/www.pcan.es\/nueva_web\/wp-content\/uploads\/2020\/04\/woman-in-the-car-2022-01-19-00-03-49-utc-750x430.jpg')\"><\/a>\n\t\t\t<div class=\"term-badges floated\"><span class=\"term-badge term-6\"><a href=\"https:\/\/www.pcan.es\/nueva_web\/category\/consejos\/\">Consejos<\/a><\/span><span class=\"term-badge term-4\"><a href=\"https:\/\/www.pcan.es\/nueva_web\/category\/noticias\/\">Noticias<\/a><\/span><\/div>\t\t\t<div class=\"content-container\">\n\t\t\t\t<h2 class=\"title\">\n\t\t\t\t\t<a href=\"https:\/\/www.pcan.es\/nueva_web\/recomendaciones-para-el-mantenimiento-de-tu-vehiculo-en-la-cuarentena\/\" class=\"post-url post-title\">\n\t\t\t\t\t\tRECOMENDACIONES PARA EL MANTENIMIENTO DE TU VEH\u00cdCULO EN LA CUARENTENA\t\t\t\t\t<\/a>\n\t\t\t\t<\/h2>\n\t\t\t\t<div class=\"post-meta\">\n\n\t\t\t<a href=\"https:\/\/www.pcan.es\/nueva_web\/author\/innovatica\/\"\n\t\t   title=\"Art\u00edculos de autor\"\n\t\t   class=\"post-author-a\">\n\t\t\t<i class=\"post-author author\">\n\t\t\t\tPCAN\t\t\t<\/i>\n\t\t<\/a>\n\t\t\t<span class=\"time\"><time class=\"post-published updated\" datetime=\"2020-04-03T12:15:12+00:00\" title=\"viernes, abril 3, 2020, 12:15 pm\">3 Abr 2020<\/time><\/span>\n\t\t<\/div>\n\t\t\t<\/div>\n\t\t<\/div>\n\t<\/article>\n\t\t\t<\/div>\n\t\t\t<div class=\"mg-col mg-col-2\">\n\t\t\t\t\t<article class=\"post-739 type-post format-standard has-post-thumbnail listing-item-2 listing-item listing-mg-item listing-mg-7-item listing-mg-type-1 main-term-4\">\n\t\t<div class=\"item-content\">\n\t\t\t<a class=\"img-cont\" href=\"https:\/\/www.pcan.es\/nueva_web\/circular-informativa-ante-el-covad-19\/\" title=\"Circular Informativa ante el COVID-19\"\n\t\t\t   style=\"background-image: url('https:\/\/www.pcan.es\/nueva_web\/wp-content\/uploads\/2020\/03\/circular-informativa-739x1024-1-739x430.jpeg')\"><\/a>\n\t\t\t<div class=\"term-badges floated\"><span class=\"term-badge term-4\"><a href=\"https:\/\/www.pcan.es\/nueva_web\/category\/noticias\/\">Noticias<\/a><\/span><span class=\"term-badge term-5\"><a href=\"https:\/\/www.pcan.es\/nueva_web\/category\/pcan\/\">PCAN<\/a><\/span><\/div>\t\t\t<div class=\"content-container\">\n\t\t\t\t<h2 class=\"title\">\n\t\t\t\t\t<a href=\"https:\/\/www.pcan.es\/nueva_web\/circular-informativa-ante-el-covad-19\/\" class=\"post-url post-title\">\n\t\t\t\t\t\tCircular Informativa ante el COVID-19\t\t\t\t\t<\/a>\n\t\t\t\t<\/h2>\n\t\t\t\t<div class=\"post-meta\">\n\n\t\t\t<a href=\"https:\/\/www.pcan.es\/nueva_web\/author\/innovatica\/\"\n\t\t   title=\"Art\u00edculos de autor\"\n\t\t   class=\"post-author-a\">\n\t\t\t<i class=\"post-author author\">\n\t\t\t\tPCAN\t\t\t<\/i>\n\t\t<\/a>\n\t\t\t<span class=\"time\"><time class=\"post-published updated\" datetime=\"2020-03-14T16:27:12+00:00\" title=\"s\u00e1bado, marzo 14, 2020, 4:27 pm\">14 Mar 2020<\/time><\/span>\n\t\t<\/div>\n\t\t\t<\/div>\n\t\t<\/div>\n\t<\/article>\n\t\t\t<\/div>\n\t\t<\/div>\n\t\t\t\t<div class=\"mg-row mg-row-2 clearfix\">\n\t\t\t<div class=\"mg-col mg-col-1\">\n\t\t\t\t\t<article class=\"post-717 type-post format-standard has-post-thumbnail listing-item-3 listing-item listing-mg-item listing-mg-7-item listing-mg-type-1 main-term-6\">\n\t\t<div class=\"item-content\">\n\t\t\t<a class=\"img-cont\" href=\"https:\/\/www.pcan.es\/nueva_web\/sabes-como-limpiar-el-coche-correctamente\/\" title=\"\u00bfSabes c\u00f3mo limpiar el coche correctamente?\"\n\t\t\t   style=\"background-image: url('https:\/\/www.pcan.es\/nueva_web\/wp-content\/uploads\/2019\/03\/male-wiping-seat-clean-in-black-car-during-detaili-2022-01-19-00-11-08-utc-357x210.jpg')\"><\/a>\n\t\t\t<div class=\"term-badges floated\"><span class=\"term-badge term-6\"><a href=\"https:\/\/www.pcan.es\/nueva_web\/category\/consejos\/\">Consejos<\/a><\/span><\/div>\t\t\t<div class=\"content-container\">\n\t\t\t\t<h2 class=\"title\">\n\t\t\t\t\t<a href=\"https:\/\/www.pcan.es\/nueva_web\/sabes-como-limpiar-el-coche-correctamente\/\" class=\"post-url post-title\">\n\t\t\t\t\t\t\u00bfSabes c\u00f3mo limpiar el coche correctamente?\t\t\t\t\t<\/a>\n\t\t\t\t<\/h2>\n\t\t\t\t\t\t\t<\/div>\n\t\t<\/div>\n\t<\/article>\n\t\t\t<\/div>\n\t\t\t<div class=\"mg-col mg-col-2\">\n\t\t\t\t\t<article class=\"post-700 type-post format-standard has-post-thumbnail listing-item-4 listing-item listing-mg-item listing-mg-7-item listing-mg-type-1 main-term-4\">\n\t\t<div class=\"item-content\">\n\t\t\t<a class=\"img-cont\" href=\"https:\/\/www.pcan.es\/nueva_web\/cuales-son-las-diferencias-entre-el-diesel-y-la-gasolina\/\" title=\"\u00bfCu\u00e1les son las diferencias entre el di\u00e9sel y la gasolina?\"\n\t\t\t   style=\"background-image: url('https:\/\/www.pcan.es\/nueva_web\/wp-content\/uploads\/2019\/03\/refueling-car-with-gasoline-2021-10-14-18-00-47-utc-357x210.jpg')\"><\/a>\n\t\t\t<div class=\"term-badges floated\"><span class=\"term-badge term-4\"><a href=\"https:\/\/www.pcan.es\/nueva_web\/category\/noticias\/\">Noticias<\/a><\/span><\/div>\t\t\t<div class=\"content-container\">\n\t\t\t\t<h2 class=\"title\">\n\t\t\t\t\t<a href=\"https:\/\/www.pcan.es\/nueva_web\/cuales-son-las-diferencias-entre-el-diesel-y-la-gasolina\/\" class=\"post-url post-title\">\n\t\t\t\t\t\t\u00bfCu\u00e1les son las diferencias entre el di\u00e9sel y la gasolina?\t\t\t\t\t<\/a>\n\t\t\t\t<\/h2>\n\t\t\t\t\t\t\t<\/div>\n\t\t<\/div>\n\t<\/article>\n\t\t\t<\/div>\n\t\t\t<div class=\"mg-col mg-col-3\">\n\t\t\t\t\t<article class=\"post-1 type-post format-standard has-post-thumbnail listing-item-5 listing-item listing-mg-item listing-mg-7-item listing-mg-type-1 main-term-6\">\n\t\t<div class=\"item-content\">\n\t\t\t<a class=\"img-cont\" href=\"https:\/\/www.pcan.es\/nueva_web\/hola-mundo\/\" title=\"\u00a1Lava tu coche a un precio irresistible!\"\n\t\t\t   style=\"background-image: url('https:\/\/www.pcan.es\/nueva_web\/wp-content\/uploads\/2017\/01\/tunel-lavado-357x210.jpg')\"><\/a>\n\t\t\t<div class=\"term-badges floated\"><span class=\"term-badge term-6\"><a href=\"https:\/\/www.pcan.es\/nueva_web\/category\/consejos\/\">Consejos<\/a><\/span><\/div>\t\t\t<div class=\"content-container\">\n\t\t\t\t<h2 class=\"title\">\n\t\t\t\t\t<a href=\"https:\/\/www.pcan.es\/nueva_web\/hola-mundo\/\" class=\"post-url post-title\">\n\t\t\t\t\t\t\u00a1Lava tu coche a un precio irresistible!\t\t\t\t\t<\/a>\n\t\t\t\t<\/h2>\n\t\t\t\t\t\t\t<\/div>\n\t\t<\/div>\n\t<\/article>\n\t\t\t<\/div>\n\t\t<\/div>\n\t<\/div>\n\t\t\t<\/div>\n\t\t\t[\/vc_column][\/vc_row]<\/p>\n<\/div>","protected":false},"excerpt":{"rendered":"<p>[vc_row][vc_column][vc_gmaps link=\u00bb#E-8_JTNDaWZyYW1lJTIwc3JjJTNEJTIyaHR0cHMlM0ElMkYlMkZ3d3cuZ29vZ2xlLmNvbSUyRm1hcHMlMkZlbWJlZCUzRnBiJTNEJTIxMW0xNCUyMTFtOCUyMTFtMyUyMTFkMTQwNzcuOTU5NDA0ODQxNjA2JTIxMmQtMTYuNTUwMjI1JTIxM2QyOC4xMDExJTIxM20yJTIxMWkxMDI0JTIxMmk3NjglMjE0ZjEzLjElMjEzbTMlMjExbTIlMjExczB4MCUyNTNBMHhkMjQ2YmUwMTZkZGMxNmE5JTIxMnNHYXNvbGluZXJhJTJCRXVyb2d1YXJhcG8lMjE1ZTAlMjEzbTIlMjExc2VzJTIxMnNlcyUyMTR2MTQ4NzI1NDgwMjQ2NiUyMiUyMHdpZHRoJTNEJTIyNjAwJTIyJTIwaGVpZ2h0JTNEJTIyNDUwJTIyJTIwZnJhbWVib3JkZXIlM0QlMjIwJTIyJTIwc3R5bGUlM0QlMjJib3JkZXIlM0EwJTIyJTIwYWxsb3dmdWxsc2NyZWVuJTNFJTNDJTJGaWZyYW1lJTNF\u00bb][\/vc_column][\/vc_row][vc_row][vc_column][vc_column_text] PCAN\u00a0EUROGUARAPO &#8211; CHIMICHE Estaci\u00f3n de servicio en Chimiche (fundada en 2001). \u00c9sta instalaci\u00f3n est\u00e1 dirigida\u00a0a todo el p\u00fablico\u00a0y se adapta a las necesidades especiales de nuestros clientes siendo especialmente sensibles con los profesionales del sector del transporte. En \u00abLa Venta\u00bb tenemos todos los productos que necesitar\u00e1s en tu viaje, ya que disponemos de [&hellip;]<\/p>\n","protected":false},"author":1,"featured_media":0,"parent":0,"menu_order":0,"comment_status":"closed","ping_status":"closed","template":"","meta":{"footnotes":""},"class_list":["post-323","page","type-page","status-publish","hentry"],"_links":{"self":[{"href":"https:\/\/www.pcan.es\/nueva_web\/wp-json\/wp\/v2\/pages\/323","targetHints":{"allow":["GET"]}}],"collection":[{"href":"https:\/\/www.pcan.es\/nueva_web\/wp-json\/wp\/v2\/pages"}],"about":[{"href":"https:\/\/www.pcan.es\/nueva_web\/wp-json\/wp\/v2\/types\/page"}],"author":[{"embeddable":true,"href":"https:\/\/www.pcan.es\/nueva_web\/wp-json\/wp\/v2\/users\/1"}],"replies":[{"embeddable":true,"href":"https:\/\/www.pcan.es\/nueva_web\/wp-json\/wp\/v2\/comments?post=323"}],"version-history":[{"count":3,"href":"https:\/\/www.pcan.es\/nueva_web\/wp-json\/wp\/v2\/pages\/323\/revisions"}],"predecessor-version":[{"id":402,"href":"https:\/\/www.pcan.es\/nueva_web\/wp-json\/wp\/v2\/pages\/323\/revisions\/402"}],"wp:attachment":[{"href":"https:\/\/www.pcan.es\/nueva_web\/wp-json\/wp\/v2\/media?parent=323"}],"curies":[{"name":"wp","href":"https:\/\/api.w.org\/{rel}","templated":true}]}}