{"id":449,"date":"2017-02-21T10:53:13","date_gmt":"2017-02-21T10:53:13","guid":{"rendered":"http:\/\/www.pcan.es\/nueva_web\/?page_id=449"},"modified":"2017-02-21T14:25:05","modified_gmt":"2017-02-21T14:25:05","slug":"pcan-gil","status":"publish","type":"page","link":"https:\/\/www.pcan.es\/nueva_web\/pcan-gil\/","title":{"rendered":"PCAN GIL"},"content":{"rendered":"<div class=\"wpb-content-wrapper\"><p>[vc_row][vc_column][vc_gmaps link=\u00bb#E-8_JTNDaWZyYW1lJTIwc3JjJTNEJTIyaHR0cHMlM0ElMkYlMkZ3d3cuZ29vZ2xlLmNvbSUyRm1hcHMlMkZlbWJlZCUzRnBiJTNEJTIxMW0xNCUyMTFtOCUyMTFtMyUyMTFkNzAxMi41OTQ3MTQwOTQzNTQ1JTIxMmQtMTMuODUyNDU5JTIxM2QyOC41MDA3JTIxM20yJTIxMWkxMDI0JTIxMmk3NjglMjE0ZjEzLjElMjEzbTMlMjExbTIlMjExczB4YzQ3YzYzYmM0YmUzNDg1JTI1M0EweGI3ZDIyMWI4ZTNhMDg1NjMlMjEyc0NhbGxlJTJCQWxtdGUuJTJCTGFsbGVtYW5kJTI1MkMlMkIzMSUyNTJDJTJCMzU2MDAlMkJQdWVydG8lMkJkZWwlMkJSb3NhcmlvJTI1MkMlMkJMYXMlMkJQYWxtYXMlMjUyQyUyQkVzcGElMjVDMyUyNUIxYSUyMTVlMCUyMTNtMiUyMTFzZXMlMjEyc2VzJTIxNHYxNDg3Njg2Njk2MzUxJTIyJTIwd2lkdGglM0QlMjI2MDAlMjIlMjBoZWlnaHQlM0QlMjI0NTAlMjIlMjBmcmFtZWJvcmRlciUzRCUyMjAlMjIlMjBzdHlsZSUzRCUyMmJvcmRlciUzQTAlMjIlMjBhbGxvd2Z1bGxzY3JlZW4lM0UlM0MlMkZpZnJhbWUlM0U=\u00bb][\/vc_column][\/vc_row][vc_row][vc_column][vc_column_text]<\/p>\n<h2><strong>PCAN\u00a0GIL &#8211; PUERTO DEL ROSARIO<\/strong><\/h2>\n<p><img loading=\"lazy\" decoding=\"async\" class=\"size-full wp-image-529 alignleft\" src=\"https:\/\/www.pcan.es\/nueva_web\/wp-content\/uploads\/2017\/02\/gil_portada.jpg\" alt=\"\" width=\"450\" height=\"600\" srcset=\"https:\/\/www.pcan.es\/nueva_web\/wp-content\/uploads\/2017\/02\/gil_portada.jpg 450w, https:\/\/www.pcan.es\/nueva_web\/wp-content\/uploads\/2017\/02\/gil_portada-225x300.jpg 225w\" sizes=\"auto, (max-width: 450px) 100vw, 450px\" \/>En Puerto del Rosario,\u00a0se encuentra PCAN GIL\u00a0(fundada a principios de la d\u00e9cada de los \u00a060, siendo regentada a partir de 1968 por Miguel Gil Martel).<\/p>\n<p>Fue el el primer punto de venta de carburante y la 1\u00aa gasolinera construida en\u00a0la isla.<\/p>\n<p>Cuenta con servicio\u00a0de repostaje microfiltrado 24 horas a los mejores precios y servicios de lavado.<\/p>\n<p>Adem\u00e1s, podr\u00e1s comprar en nuestra\u00a0tienda, que har\u00e1 de tu viaje una experiencia \u00fanica, ya que disponemos de bebidas, alimentaci\u00f3n, snacks y prensa, adem\u00e1s de \u00fatiles para el veh\u00edculo.<\/p>\n<p>Nuestro principal objetivo es satisfacer las necesidades de nuestros clientes.<\/p>\n<h3><\/h3>\n<p>[\/vc_column_text][\/vc_column][\/vc_row][vc_row][vc_column width=\u00bb1\/2&#8243;][vc_column_text]<\/p>\n<h2><strong>CONTACTO PCAN\u00a0GIL<\/strong><\/h2>\n<p>Almirante Lallermand 31<\/p>\n<p>35600\u00a0Puerto del Rosario<\/p>\n<p>Tel\u00e9fono \/Fax: 928 85 03 35<\/p>\n<p><a href=\"mailto:gil@pcan.es\">gil@pcan.es<\/a><\/p>\n<p><strong>Horario:<\/strong><\/p>\n<p>24 horas ; Servicios en pista L-S (7:00 &#8211; 22:00h), D (7-14:30).[\/vc_column_text][\/vc_column][vc_column width=\u00bb1\/2&#8243;][vc_column_text]<\/p>\n<h2><strong>SERVICIOS PCAN\u00a0GIL<\/strong><\/h2>\n<h2><strong>\u00a0\u00a0<img loading=\"lazy\" decoding=\"async\" class=\"alignnone size-full wp-image-203\" src=\"https:\/\/www.pcan.es\/nueva_web\/wp-content\/uploads\/2017\/02\/24h.jpg\" alt=\"\" width=\"69\" height=\"72\" \/><img loading=\"lazy\" decoding=\"async\" class=\"alignnone wp-image-219\" src=\"https:\/\/www.pcan.es\/nueva_web\/wp-content\/uploads\/2017\/02\/supermercado.png\" alt=\"\" width=\"76\" height=\"70\" \/><img loading=\"lazy\" decoding=\"async\" class=\"alignnone size-full wp-image-221\" src=\"https:\/\/www.pcan.es\/nueva_web\/wp-content\/uploads\/2017\/02\/tuneldelavado.jpg\" alt=\"\" width=\"69\" height=\"72\" \/><img loading=\"lazy\" decoding=\"async\" class=\"alignnone wp-image-216\" src=\"https:\/\/www.pcan.es\/nueva_web\/wp-content\/uploads\/2017\/02\/repostaje.jpg\" alt=\"\" width=\"55\" height=\"61\" \/><\/strong><\/h2>\n<p>[\/vc_column_text][\/vc_column][\/vc_row][vc_row][vc_column][vc_text_separator title=\u00bbFOTOS\u00bb color=\u00bbsky\u00bb add_icon=\u00bbtrue\u00bb][vc_gallery interval=\u00bb3&#8243; images=\u00bb530,531,532,533,534,535&#8243; img_size=\u00bbfull\u00bb][\/vc_column][\/vc_row][vc_row][vc_column][vc_text_separator title=\u00bbNOTICIAS\u00bb i_icon_fontawesome=\u00bbfa fa-rss\u00bb color=\u00bbsky\u00bb add_icon=\u00bbtrue\u00bb]\t\t\t<div class=\" bs-listing\n\t\t\tbs-listing-modern-grid-listing-7 bs-listing-single-tab\">\n\t\t\t\t<div\n\t\tclass=\"listing listing-modern-grid listing-modern-grid-7 clearfix slider-overlay-simple-gr\">\n\t\t<div class=\"mg-row mg-row-1 clearfix\">\n\t\t\t<div class=\"mg-col mg-col-1\">\n\t\t\t\t\t<article class=\"post-752 type-post format-standard has-post-thumbnail listing-item-1 listing-item listing-mg-item listing-mg-7-item listing-mg-type-1 main-term-6\">\n\t\t<div class=\"item-content\">\n\t\t\t<a class=\"img-cont\" href=\"https:\/\/www.pcan.es\/nueva_web\/recomendaciones-para-el-mantenimiento-de-tu-vehiculo-en-la-cuarentena\/\" title=\"RECOMENDACIONES PARA EL MANTENIMIENTO DE TU VEH\u00cdCULO EN LA CUARENTENA\"\n\t\t\t   style=\"background-image: url('https:\/\/www.pcan.es\/nueva_web\/wp-content\/uploads\/2020\/04\/woman-in-the-car-2022-01-19-00-03-49-utc-750x430.jpg')\"><\/a>\n\t\t\t<div class=\"term-badges floated\"><span class=\"term-badge term-6\"><a href=\"https:\/\/www.pcan.es\/nueva_web\/category\/consejos\/\">Consejos<\/a><\/span><span class=\"term-badge term-4\"><a href=\"https:\/\/www.pcan.es\/nueva_web\/category\/noticias\/\">Noticias<\/a><\/span><\/div>\t\t\t<div class=\"content-container\">\n\t\t\t\t<h2 class=\"title\">\n\t\t\t\t\t<a href=\"https:\/\/www.pcan.es\/nueva_web\/recomendaciones-para-el-mantenimiento-de-tu-vehiculo-en-la-cuarentena\/\" class=\"post-url post-title\">\n\t\t\t\t\t\tRECOMENDACIONES PARA EL MANTENIMIENTO DE TU VEH\u00cdCULO EN LA CUARENTENA\t\t\t\t\t<\/a>\n\t\t\t\t<\/h2>\n\t\t\t\t<div class=\"post-meta\">\n\n\t\t\t<a href=\"https:\/\/www.pcan.es\/nueva_web\/author\/innovatica\/\"\n\t\t   title=\"Art\u00edculos de autor\"\n\t\t   class=\"post-author-a\">\n\t\t\t<i class=\"post-author author\">\n\t\t\t\tPCAN\t\t\t<\/i>\n\t\t<\/a>\n\t\t\t<span class=\"time\"><time class=\"post-published updated\" datetime=\"2020-04-03T12:15:12+00:00\" title=\"viernes, abril 3, 2020, 12:15 pm\">3 Abr 2020<\/time><\/span>\n\t\t<\/div>\n\t\t\t<\/div>\n\t\t<\/div>\n\t<\/article>\n\t\t\t<\/div>\n\t\t\t<div class=\"mg-col mg-col-2\">\n\t\t\t\t\t<article class=\"post-739 type-post format-standard has-post-thumbnail listing-item-2 listing-item listing-mg-item listing-mg-7-item listing-mg-type-1 main-term-4\">\n\t\t<div class=\"item-content\">\n\t\t\t<a class=\"img-cont\" href=\"https:\/\/www.pcan.es\/nueva_web\/circular-informativa-ante-el-covad-19\/\" title=\"Circular Informativa ante el COVID-19\"\n\t\t\t   style=\"background-image: url('https:\/\/www.pcan.es\/nueva_web\/wp-content\/uploads\/2020\/03\/circular-informativa-739x1024-1-739x430.jpeg')\"><\/a>\n\t\t\t<div class=\"term-badges floated\"><span class=\"term-badge term-4\"><a href=\"https:\/\/www.pcan.es\/nueva_web\/category\/noticias\/\">Noticias<\/a><\/span><span class=\"term-badge term-5\"><a href=\"https:\/\/www.pcan.es\/nueva_web\/category\/pcan\/\">PCAN<\/a><\/span><\/div>\t\t\t<div class=\"content-container\">\n\t\t\t\t<h2 class=\"title\">\n\t\t\t\t\t<a href=\"https:\/\/www.pcan.es\/nueva_web\/circular-informativa-ante-el-covad-19\/\" class=\"post-url post-title\">\n\t\t\t\t\t\tCircular Informativa ante el COVID-19\t\t\t\t\t<\/a>\n\t\t\t\t<\/h2>\n\t\t\t\t<div class=\"post-meta\">\n\n\t\t\t<a href=\"https:\/\/www.pcan.es\/nueva_web\/author\/innovatica\/\"\n\t\t   title=\"Art\u00edculos de autor\"\n\t\t   class=\"post-author-a\">\n\t\t\t<i class=\"post-author author\">\n\t\t\t\tPCAN\t\t\t<\/i>\n\t\t<\/a>\n\t\t\t<span class=\"time\"><time class=\"post-published updated\" datetime=\"2020-03-14T16:27:12+00:00\" title=\"s\u00e1bado, marzo 14, 2020, 4:27 pm\">14 Mar 2020<\/time><\/span>\n\t\t<\/div>\n\t\t\t<\/div>\n\t\t<\/div>\n\t<\/article>\n\t\t\t<\/div>\n\t\t<\/div>\n\t\t\t\t<div class=\"mg-row mg-row-2 clearfix\">\n\t\t\t<div class=\"mg-col mg-col-1\">\n\t\t\t\t\t<article class=\"post-717 type-post format-standard has-post-thumbnail listing-item-3 listing-item listing-mg-item listing-mg-7-item listing-mg-type-1 main-term-6\">\n\t\t<div class=\"item-content\">\n\t\t\t<a class=\"img-cont\" href=\"https:\/\/www.pcan.es\/nueva_web\/sabes-como-limpiar-el-coche-correctamente\/\" title=\"\u00bfSabes c\u00f3mo limpiar el coche correctamente?\"\n\t\t\t   style=\"background-image: url('https:\/\/www.pcan.es\/nueva_web\/wp-content\/uploads\/2019\/03\/male-wiping-seat-clean-in-black-car-during-detaili-2022-01-19-00-11-08-utc-357x210.jpg')\"><\/a>\n\t\t\t<div class=\"term-badges floated\"><span class=\"term-badge term-6\"><a href=\"https:\/\/www.pcan.es\/nueva_web\/category\/consejos\/\">Consejos<\/a><\/span><\/div>\t\t\t<div class=\"content-container\">\n\t\t\t\t<h2 class=\"title\">\n\t\t\t\t\t<a href=\"https:\/\/www.pcan.es\/nueva_web\/sabes-como-limpiar-el-coche-correctamente\/\" class=\"post-url post-title\">\n\t\t\t\t\t\t\u00bfSabes c\u00f3mo limpiar el coche correctamente?\t\t\t\t\t<\/a>\n\t\t\t\t<\/h2>\n\t\t\t\t\t\t\t<\/div>\n\t\t<\/div>\n\t<\/article>\n\t\t\t<\/div>\n\t\t\t<div class=\"mg-col mg-col-2\">\n\t\t\t\t\t<article class=\"post-700 type-post format-standard has-post-thumbnail listing-item-4 listing-item listing-mg-item listing-mg-7-item listing-mg-type-1 main-term-4\">\n\t\t<div class=\"item-content\">\n\t\t\t<a class=\"img-cont\" href=\"https:\/\/www.pcan.es\/nueva_web\/cuales-son-las-diferencias-entre-el-diesel-y-la-gasolina\/\" title=\"\u00bfCu\u00e1les son las diferencias entre el di\u00e9sel y la gasolina?\"\n\t\t\t   style=\"background-image: url('https:\/\/www.pcan.es\/nueva_web\/wp-content\/uploads\/2019\/03\/refueling-car-with-gasoline-2021-10-14-18-00-47-utc-357x210.jpg')\"><\/a>\n\t\t\t<div class=\"term-badges floated\"><span class=\"term-badge term-4\"><a href=\"https:\/\/www.pcan.es\/nueva_web\/category\/noticias\/\">Noticias<\/a><\/span><\/div>\t\t\t<div class=\"content-container\">\n\t\t\t\t<h2 class=\"title\">\n\t\t\t\t\t<a href=\"https:\/\/www.pcan.es\/nueva_web\/cuales-son-las-diferencias-entre-el-diesel-y-la-gasolina\/\" class=\"post-url post-title\">\n\t\t\t\t\t\t\u00bfCu\u00e1les son las diferencias entre el di\u00e9sel y la gasolina?\t\t\t\t\t<\/a>\n\t\t\t\t<\/h2>\n\t\t\t\t\t\t\t<\/div>\n\t\t<\/div>\n\t<\/article>\n\t\t\t<\/div>\n\t\t\t<div class=\"mg-col mg-col-3\">\n\t\t\t\t\t<article class=\"post-1 type-post format-standard has-post-thumbnail listing-item-5 listing-item listing-mg-item listing-mg-7-item listing-mg-type-1 main-term-6\">\n\t\t<div class=\"item-content\">\n\t\t\t<a class=\"img-cont\" href=\"https:\/\/www.pcan.es\/nueva_web\/hola-mundo\/\" title=\"\u00a1Lava tu coche a un precio irresistible!\"\n\t\t\t   style=\"background-image: url('https:\/\/www.pcan.es\/nueva_web\/wp-content\/uploads\/2017\/01\/tunel-lavado-357x210.jpg')\"><\/a>\n\t\t\t<div class=\"term-badges floated\"><span class=\"term-badge term-6\"><a href=\"https:\/\/www.pcan.es\/nueva_web\/category\/consejos\/\">Consejos<\/a><\/span><\/div>\t\t\t<div class=\"content-container\">\n\t\t\t\t<h2 class=\"title\">\n\t\t\t\t\t<a href=\"https:\/\/www.pcan.es\/nueva_web\/hola-mundo\/\" class=\"post-url post-title\">\n\t\t\t\t\t\t\u00a1Lava tu coche a un precio irresistible!\t\t\t\t\t<\/a>\n\t\t\t\t<\/h2>\n\t\t\t\t\t\t\t<\/div>\n\t\t<\/div>\n\t<\/article>\n\t\t\t<\/div>\n\t\t<\/div>\n\t<\/div>\n\t\t\t<\/div>\n\t\t\t[\/vc_column][\/vc_row]<\/p>\n<\/div>","protected":false},"excerpt":{"rendered":"<p>[vc_row][vc_column][vc_gmaps link=\u00bb#E-8_JTNDaWZyYW1lJTIwc3JjJTNEJTIyaHR0cHMlM0ElMkYlMkZ3d3cuZ29vZ2xlLmNvbSUyRm1hcHMlMkZlbWJlZCUzRnBiJTNEJTIxMW0xNCUyMTFtOCUyMTFtMyUyMTFkNzAxMi41OTQ3MTQwOTQzNTQ1JTIxMmQtMTMuODUyNDU5JTIxM2QyOC41MDA3JTIxM20yJTIxMWkxMDI0JTIxMmk3NjglMjE0ZjEzLjElMjEzbTMlMjExbTIlMjExczB4YzQ3YzYzYmM0YmUzNDg1JTI1M0EweGI3ZDIyMWI4ZTNhMDg1NjMlMjEyc0NhbGxlJTJCQWxtdGUuJTJCTGFsbGVtYW5kJTI1MkMlMkIzMSUyNTJDJTJCMzU2MDAlMkJQdWVydG8lMkJkZWwlMkJSb3NhcmlvJTI1MkMlMkJMYXMlMkJQYWxtYXMlMjUyQyUyQkVzcGElMjVDMyUyNUIxYSUyMTVlMCUyMTNtMiUyMTFzZXMlMjEyc2VzJTIxNHYxNDg3Njg2Njk2MzUxJTIyJTIwd2lkdGglM0QlMjI2MDAlMjIlMjBoZWlnaHQlM0QlMjI0NTAlMjIlMjBmcmFtZWJvcmRlciUzRCUyMjAlMjIlMjBzdHlsZSUzRCUyMmJvcmRlciUzQTAlMjIlMjBhbGxvd2Z1bGxzY3JlZW4lM0UlM0MlMkZpZnJhbWUlM0U=\u00bb][\/vc_column][\/vc_row][vc_row][vc_column][vc_column_text] PCAN\u00a0GIL &#8211; PUERTO DEL ROSARIO En Puerto del Rosario,\u00a0se encuentra PCAN GIL\u00a0(fundada a principios de la d\u00e9cada de los \u00a060, siendo regentada a partir de 1968 por Miguel Gil Martel). Fue el el primer punto de venta de carburante y la 1\u00aa gasolinera construida en\u00a0la isla. Cuenta con servicio\u00a0de repostaje microfiltrado 24 horas [&hellip;]<\/p>\n","protected":false},"author":1,"featured_media":0,"parent":0,"menu_order":0,"comment_status":"closed","ping_status":"closed","template":"","meta":{"footnotes":""},"class_list":["post-449","page","type-page","status-publish","hentry"],"_links":{"self":[{"href":"https:\/\/www.pcan.es\/nueva_web\/wp-json\/wp\/v2\/pages\/449","targetHints":{"allow":["GET"]}}],"collection":[{"href":"https:\/\/www.pcan.es\/nueva_web\/wp-json\/wp\/v2\/pages"}],"about":[{"href":"https:\/\/www.pcan.es\/nueva_web\/wp-json\/wp\/v2\/types\/page"}],"author":[{"embeddable":true,"href":"https:\/\/www.pcan.es\/nueva_web\/wp-json\/wp\/v2\/users\/1"}],"replies":[{"embeddable":true,"href":"https:\/\/www.pcan.es\/nueva_web\/wp-json\/wp\/v2\/comments?post=449"}],"version-history":[{"count":3,"href":"https:\/\/www.pcan.es\/nueva_web\/wp-json\/wp\/v2\/pages\/449\/revisions"}],"predecessor-version":[{"id":537,"href":"https:\/\/www.pcan.es\/nueva_web\/wp-json\/wp\/v2\/pages\/449\/revisions\/537"}],"wp:attachment":[{"href":"https:\/\/www.pcan.es\/nueva_web\/wp-json\/wp\/v2\/media?parent=449"}],"curies":[{"name":"wp","href":"https:\/\/api.w.org\/{rel}","templated":true}]}}