{"id":5,"date":"2017-01-23T13:10:13","date_gmt":"2017-01-23T13:10:13","guid":{"rendered":"http:\/\/pcan.es\/?page_id=5"},"modified":"2024-07-17T08:30:37","modified_gmt":"2024-07-17T08:30:37","slug":"inicio","status":"publish","type":"page","link":"https:\/\/www.pcan.es\/nueva_web\/","title":{"rendered":"INICIO"},"content":{"rendered":"<div class=\"wpb-content-wrapper\"><p>[vc_row][vc_column][rev_slider_vc alias=\u00bbprincipal\u00bb][\/vc_column][\/vc_row][vc_row][vc_column width=\u00bb2\/3&#8243;][vc_gallery interval=\u00bb10&#8243; images=\u00bb836,842,843,841,840,839,838&#8243; img_size=\u00bb800&#215;800&#8243; css_animation=\u00bbfadeIn\u00bb][\/vc_column][vc_column width=\u00bb1\/3&#8243;][vc_column_text css=\u00bb.vc_custom_1721205036173{margin-left: -30px !important;}\u00bb]<iframe loading=\"lazy\" style=\"border: none; overflow: hidden;\" src=\"https:\/\/www.facebook.com\/plugins\/post.php?href=https%3A%2F%2Fwww.facebook.com%2Fpcan7islas%2Fposts%2Fpfbid0oAMJHqs7Xo8R8GhBnEAnL1wuqxpy6xjN1cp2ufJ1t79JP9A3VDRoe7NwJfBPfKjGl&amp;show_text=true&amp;width=500\" width=\"390\" height=\"780\" frameborder=\"0\" scrolling=\"no\" allowfullscreen=\"allowfullscreen\"><\/iframe>[\/vc_column_text][\/vc_column][\/vc_row][vc_row][vc_column][vc_text_separator title=\u00bbNOTICIAS\u00bb color=\u00bbsky\u00bb]\t\t\t<div class=\" bs-listing\n\t\t\tbs-listing-modern-grid-listing-1 bs-listing-single-tab\">\n\t\t\t\t<div\n\t\tclass=\"listing listing-modern-grid listing-modern-grid-1 clearfix slider-overlay-simple-gr\">\n\t\t<div class=\"mg-col mg-col-1\">\n\t\t\t\t<article class=\"post-857 type-post format-standard has-post-thumbnail listing-item-1 listing-item listing-mg-item listing-mg-type-1 listing-mg-1-item main-term-4\">\n\t\t<div class=\"item-content\">\n\t\t\t<a class=\"img-cont\" href=\"https:\/\/www.pcan.es\/nueva_web\/pcan-los-rodeos-abre-sus-puertas\/\" title=\"PCAN Los Rodeos abre sus puertas\"\n\t\t\t   style=\"background-image: url('https:\/\/www.pcan.es\/nueva_web\/wp-content\/uploads\/2022\/08\/2009PCAN-750x430.jpg')\"><\/a>\n\t\t\t<div class=\"term-badges floated\"><span class=\"term-badge term-4\"><a href=\"https:\/\/www.pcan.es\/nueva_web\/category\/noticias\/\">Noticias<\/a><\/span><\/div>\t\t\t<div class=\"content-container\">\n\t\t\t\t<h2 class=\"title\">\n\t\t\t\t\t<a href=\"https:\/\/www.pcan.es\/nueva_web\/pcan-los-rodeos-abre-sus-puertas\/\" class=\"post-url post-title\">\n\t\t\t\t\t\tPCAN Los Rodeos abre sus puertas\t\t\t\t\t<\/a>\n\t\t\t\t<\/h2>\n\t\t\t\t<div class=\"post-meta\">\n\n\t\t\t<a href=\"https:\/\/www.pcan.es\/nueva_web\/author\/innovatica\/\"\n\t\t   title=\"Art\u00edculos de autor\"\n\t\t   class=\"post-author-a\">\n\t\t\t<i class=\"post-author author\">\n\t\t\t\tPCAN\t\t\t<\/i>\n\t\t<\/a>\n\t\t\t<span class=\"time\"><time class=\"post-published updated\" datetime=\"2022-08-11T12:45:18+00:00\" title=\"jueves, agosto 11, 2022, 12:45 pm\">11 Ago 2022<\/time><\/span>\n\t\t<\/div>\n\t\t\t<\/div>\n\t\t<\/div>\n\t<\/article>\n\t\t<\/div>\n\t\t<div class=\"mg-col mg-col-2\">\n\t\t\t<div class=\"mg-row mg-row-1\">\n\t\t\t\t\t<article class=\"post-815 type-post format-standard has-post-thumbnail listing-item-2 listing-item listing-mg-item listing-mg-type-1 listing-mg-1-item main-term-4\">\n\t\t<div class=\"item-content\">\n\t\t\t<a class=\"img-cont\" href=\"https:\/\/www.pcan.es\/nueva_web\/la-estacion-pcan-fuencaliente-realiza-la-campana-litro-solidarios\/\" title=\"Petrol\u00edfera de Canarias y la estaci\u00f3n PCAN Fuencaliente colaboran con La Palma\"\n\t\t\t   style=\"background-image: url('https:\/\/www.pcan.es\/nueva_web\/wp-content\/uploads\/2021\/09\/25310-mtr_5368299761559537071-731x430.jpeg')\"><\/a>\n\t\t\t<div class=\"term-badges floated\"><span class=\"term-badge term-4\"><a href=\"https:\/\/www.pcan.es\/nueva_web\/category\/noticias\/\">Noticias<\/a><\/span><\/div>\t\t\t<div class=\"content-container\">\n\t\t\t\t<h2 class=\"title\">\n\t\t\t\t\t<a href=\"https:\/\/www.pcan.es\/nueva_web\/la-estacion-pcan-fuencaliente-realiza-la-campana-litro-solidarios\/\" class=\"post-url post-title\">\n\t\t\t\t\t\tPetrol\u00edfera de Canarias y la estaci\u00f3n PCAN Fuencaliente colaboran con La Palma\t\t\t\t\t<\/a>\n\t\t\t\t<\/h2>\n\t\t\t\t<div class=\"post-meta\">\n\n\t\t\t<a href=\"https:\/\/www.pcan.es\/nueva_web\/author\/innovatica\/\"\n\t\t   title=\"Art\u00edculos de autor\"\n\t\t   class=\"post-author-a\">\n\t\t\t<i class=\"post-author author\">\n\t\t\t\tPCAN\t\t\t<\/i>\n\t\t<\/a>\n\t\t\t<span class=\"time\"><time class=\"post-published updated\" datetime=\"2021-09-27T14:00:52+00:00\" title=\"lunes, septiembre 27, 2021, 2:00 pm\">27 Sep 2021<\/time><\/span>\n\t\t<\/div>\n\t\t\t<\/div>\n\t\t<\/div>\n\t<\/article>\n\t\t\t<\/div>\n\t\t\t<div class=\"mg-row mg-row-2\">\n\t\t\t\t<div class=\"item-3-cont\">\n\t\t\t\t\t\t<article class=\"post-801 type-post format-standard has-post-thumbnail listing-item-3 listing-item listing-mg-item listing-mg-type-1 listing-mg-1-item main-term-6\">\n\t\t<div class=\"item-content\">\n\t\t\t<a class=\"img-cont\" href=\"https:\/\/www.pcan.es\/nueva_web\/tres-errores-frecuentes-que-cometes-con-tu-vehiculo\/\" title=\"Tres errores frecuentes que cometes con tu veh\u00edculo\"\n\t\t\t   style=\"background-image: url('https:\/\/www.pcan.es\/nueva_web\/wp-content\/uploads\/2021\/05\/E0IvTTUWYAUf-D6-279x220.jpg')\"><\/a>\n\t\t\t\t\t\t<div class=\"content-container\">\n\t\t\t\t<h2 class=\"title\">\n\t\t\t\t\t<a href=\"https:\/\/www.pcan.es\/nueva_web\/tres-errores-frecuentes-que-cometes-con-tu-vehiculo\/\" class=\"post-url post-title\">\n\t\t\t\t\t\tTres errores frecuentes que cometes con tu veh\u00edculo\t\t\t\t\t<\/a>\n\t\t\t\t<\/h2>\n\t\t\t\t\t\t\t<\/div>\n\t\t<\/div>\n\t<\/article>\n\t\t\t\t<\/div>\n\t\t\t\t<div class=\"item-4-cont\">\n\t\t\t\t\t\t<article class=\"post-790 type-post format-standard has-post-thumbnail listing-item-4 listing-item listing-mg-item listing-mg-type-1 listing-mg-1-item main-term-4\">\n\t\t<div class=\"item-content\">\n\t\t\t<a class=\"img-cont\" href=\"https:\/\/www.pcan.es\/nueva_web\/llegan-los-nuevos-limites-de-velocidad-en-vias-urbanas-y-travesias\/\" title=\"Llegan los nuevos l\u00edmites de velocidad en v\u00edas urbanas y traves\u00edas\"\n\t\t\t   style=\"background-image: url('https:\/\/www.pcan.es\/nueva_web\/wp-content\/uploads\/2021\/05\/nuevos-limites-de-velocidad-1024x1024-1-279x220.png')\"><\/a>\n\t\t\t\t\t\t<div class=\"content-container\">\n\t\t\t\t<h2 class=\"title\">\n\t\t\t\t\t<a href=\"https:\/\/www.pcan.es\/nueva_web\/llegan-los-nuevos-limites-de-velocidad-en-vias-urbanas-y-travesias\/\" class=\"post-url post-title\">\n\t\t\t\t\t\tLlegan los nuevos l\u00edmites de velocidad en v\u00edas urbanas y traves\u00edas\t\t\t\t\t<\/a>\n\t\t\t\t<\/h2>\n\t\t\t\t\t\t\t<\/div>\n\t\t<\/div>\n\t<\/article>\n\t\t\t\t<\/div>\n\t\t\t<\/div>\n\t\t<\/div>\n\t<\/div>\n\t\t\t<\/div>\n\t\t\t[\/vc_column][\/vc_row][vc_row][vc_column][vc_single_image image=\u00bb309&#8243; img_size=\u00bbfull\u00bb style=\u00bbvc_box_shadow_3d\u00bb onclick=\u00bbzoom\u00bb css=\u00bb.vc_custom_1486558113191{background-color: #094196 !important;}\u00bb][\/vc_column][\/vc_row]<\/p>\n<\/div>","protected":false},"excerpt":{"rendered":"<p>[vc_row][vc_column][rev_slider_vc alias=\u00bbprincipal\u00bb][\/vc_column][\/vc_row][vc_row][vc_column width=\u00bb2\/3&#8243;][vc_gallery interval=\u00bb10&#8243; images=\u00bb836,842,843,841,840,839,838&#8243; img_size=\u00bb800&#215;800&#8243; css_animation=\u00bbfadeIn\u00bb][\/vc_column][vc_column width=\u00bb1\/3&#8243;][vc_column_text css=\u00bb.vc_custom_1721205036173{margin-left: -30px !important;}\u00bb][\/vc_column_text][\/vc_column][\/vc_row][vc_row][vc_column][vc_text_separator title=\u00bbNOTICIAS\u00bb color=\u00bbsky\u00bb][\/vc_column][\/vc_row][vc_row][vc_column][vc_single_image image=\u00bb309&#8243; img_size=\u00bbfull\u00bb style=\u00bbvc_box_shadow_3d\u00bb onclick=\u00bbzoom\u00bb css=\u00bb.vc_custom_1486558113191{background-color: #094196 !important;}\u00bb][\/vc_column][\/vc_row]<\/p>\n","protected":false},"author":1,"featured_media":0,"parent":0,"menu_order":0,"comment_status":"closed","ping_status":"closed","template":"","meta":{"footnotes":""},"class_list":["post-5","page","type-page","status-publish","hentry"],"_links":{"self":[{"href":"https:\/\/www.pcan.es\/nueva_web\/wp-json\/wp\/v2\/pages\/5","targetHints":{"allow":["GET"]}}],"collection":[{"href":"https:\/\/www.pcan.es\/nueva_web\/wp-json\/wp\/v2\/pages"}],"about":[{"href":"https:\/\/www.pcan.es\/nueva_web\/wp-json\/wp\/v2\/types\/page"}],"author":[{"embeddable":true,"href":"https:\/\/www.pcan.es\/nueva_web\/wp-json\/wp\/v2\/users\/1"}],"replies":[{"embeddable":true,"href":"https:\/\/www.pcan.es\/nueva_web\/wp-json\/wp\/v2\/comments?post=5"}],"version-history":[{"count":35,"href":"https:\/\/www.pcan.es\/nueva_web\/wp-json\/wp\/v2\/pages\/5\/revisions"}],"predecessor-version":[{"id":951,"href":"https:\/\/www.pcan.es\/nueva_web\/wp-json\/wp\/v2\/pages\/5\/revisions\/951"}],"wp:attachment":[{"href":"https:\/\/www.pcan.es\/nueva_web\/wp-json\/wp\/v2\/media?parent=5"}],"curies":[{"name":"wp","href":"https:\/\/api.w.org\/{rel}","templated":true}]}}