{"id":732,"date":"2020-02-20T07:56:22","date_gmt":"2020-02-20T07:56:22","guid":{"rendered":"https:\/\/www.pcan.es\/?page_id=732"},"modified":"2025-10-07T10:35:45","modified_gmt":"2025-10-07T10:35:45","slug":"aviso-legal","status":"publish","type":"page","link":"https:\/\/www.pcan.es\/nueva_web\/aviso-legal\/","title":{"rendered":"Aviso legal"},"content":{"rendered":"<ol>\n<li><strong>El presente aviso legal regula el uso del sitio Web: www.pcan.es<\/strong><br \/>\nEl sitio web www.pcan.es presta servicios cuyo objetivo primordial es permitir el contacto entre los usuarios y la entidad, bien para ponerse en contacto con nosotros, responder a su solicitud, gestionar su reclamaci\u00f3n, ejercitar sus derechos en protecci\u00f3n de datos,.<br \/>\nLa navegaci\u00f3n por la p\u00e1gina www.pcan.es atribuye la condici\u00f3n de usuario de la misma e implica la aceptaci\u00f3n plena y sin reservas de todas y cada una de las disposiciones incluidas en este Aviso Legal, que pueden sufrir modificaciones.<br \/>\nEl usuario se obliga a hacer un uso correcto del sitio Web de conformidad con las leyes, la buena fe, el orden p\u00fablico, los usos del tr\u00e1fico y el presente Aviso Legal. El Usuario responder\u00e1 frente a PETROLIFERA CANARIA, S.A. y frente a terceros, de los da\u00f1os y perjuicios que pudieran causarse como consecuencia del incumplimiento de dicha obligaci\u00f3n.<\/li>\n<li><strong>TITULARIDAD DE LA WEB E IDENTIFICACI\u00d3N DEL PRESTADOR DE SERVICIOS DE LA SOCIEDAD DE LA INFORMACI\u00d3N<\/strong>\n<p>Con la finalidad de dar cumplimiento al principio de Informaci\u00f3n general exigido por el Art\u00edculo 10 de la Ley 34\/2002, de 11 de julio, de servicios de la sociedad de la informaci\u00f3n y de comercio electr\u00f3nico informamos a nuestros usuarios que el presente sitio web pertenece a PETROLIFERA CANARIA, S.A. con CIF A38333316, inscrita en el Registro Mercantil de tenerife en la hoja TF 7734, Folio 133, del tomo 3536, de la Secci\u00f3n 8.<\/p>\n<p>Direcci\u00f3n:<br \/>\nPUNTA DE LA VISTA 3, NAVE I . EDIFICIO EMPRESARIAL PUNTA DE LA VISTA 38111 &#8211; SANTA CRUZ DE TENERIFE<br \/>\nCorreo-e:<br \/>\npcan@pcan.es<br \/>\nTel\u00e9fono:<br \/>\n922537820<br \/>\nWeb alojada por:<br \/>\nXtudio Networks Sl.<\/p>\n<p>&nbsp;<\/p>\n<p>&nbsp;<\/li>\n<li><strong>CONDICIONES GENERALES DE ACCESO Y UTILIZACI\u00d3N<\/strong><br \/>\nEl sitio Web y sus servicios son de acceso libre y gratuito, si bien la utilizaci\u00f3n de determinadas \u00e1reas o servicios est\u00e1 condicionada a cumplimentar formularios de recogida de datos. S\u00f3lo los mayores de 18 a\u00f1os podr\u00e1n facilitar datos a trav\u00e9s de nuestra web, y los menores de 14 a\u00f1os no pueden facilitarlos sin el consentimiento de los padres o tutores.<br \/>\nEl Usuario garantiza la autenticidad y actualidad de todos aquellos datos que comunique a PETROLIFERA CANARIA, S.A. y ser\u00e1 el \u00fanico responsable de las manifestaciones falsas o inexactas que realice. www.pcan.es tiene los siguientes tipos de usuarios:<br \/>\n\u2022 Usuarios que no han contactado con PETROLIFERA CANARIA, S.A. pero de los que se recogen datos: Datos proporcionados por las cookies.<br \/>\n\u2022 Usuarios que aportan datos en cualquiera de los formularios disponibles: Los datos personales que PETROLIFERA CANARIA, S.A. solicita incluye el nombre y direcci\u00f3n electr\u00f3nica y los proporcionados por el propio usuario al rellenar los formularios.<br \/>\n\u2022 Usuarios que realizan comentarios en el blog: Se recogen de estos usuarios el correo-e, nombre y apellidos o Nickname, comentario realizado, fecha del comentario.<br \/>\n\u2022 Usuarios que nos remiten su curriculum vitae a trav\u00e9s del apartado destinado al efecto en nuestra web.<\/p>\n<p>3.1 Reglas y prohibiciones de uso para usuarios de nuestros servicios<br \/>\nEl Usuario se compromete expresamente a hacer un uso adecuado de los contenidos y servicios ofrecidos y a no emplearlos para:<br \/>\nDifundir contenidos delictivos, violentos, pornogr\u00e1ficos, racistas, xen\u00f3fobo, ofensivos, de apolog\u00eda del terrorismo o, en general, contrarios a la ley o al orden p\u00fablico.<br \/>\nIntroducir en la red virus inform\u00e1ticos o realizar actuaciones susceptibles de alterar, estropear, interrumpir o generar errores o da\u00f1os en los documentos electr\u00f3nicos, datos o sistemas f\u00edsicos y l\u00f3gicos de PETROLIFERA CANARIA, S.A. o de terceras personas; as\u00ed como obstaculizar el acceso de otros Usuarios al sitio Web y a sus servicios.<br \/>\nIntentar acceder a \u00e1reas restringidas de los sistemas inform\u00e1ticos de PETROLIFERA CANARIA, S.A. o de terceros y, en su caso, extraer informaci\u00f3n.<br \/>\nVulnerar los derechos de propiedad intelectual o industrial, as\u00ed como violar la confidencialidad de la informaci\u00f3n de PETROLIFERA CANARIA, S.A. o de terceros.<br \/>\nSuplantar la identidad de otro Usuario, de las administraciones p\u00fablicas o de un tercero.<br \/>\nReproducir, copiar, distribuir, poner a disposici\u00f3n o de cualquier otra forma comunicar p\u00fablicamente, transformar o modificar los Contenidos, a menos que se cuente con la autorizaci\u00f3n del titular de los correspondientes derechos o ello resulte legalmente permitido<br \/>\nRecabar datos con finalidad publicitaria y de remitir publicidad de cualquier clase y comunicaciones con fines de venta u otras de naturaleza comercial sin que medie su previa solicitud o consentimiento.<br \/>\n3.2. Procedimiento en caso de realizaci\u00f3n de actividades de car\u00e1cter il\u00edcito<br \/>\nEn el caso de que cualquier usuario o un tercero considere que existen hechos o circunstancias que revelen el car\u00e1cter il\u00edcito de la utilizaci\u00f3n de cualquier contenido y\/o de la realizaci\u00f3n de cualquier actividad en las p\u00e1ginas Web incluidas o accesibles a trav\u00e9s del sitio Web, deber\u00e1 enviar una notificaci\u00f3n a PETROLIFERA CANARIA, S.A. identific\u00e1ndose debidamente, especificando las supuestas infracciones y declarando expresamente y bajo su responsabilidad que la informaci\u00f3n proporcionada en la notificaci\u00f3n es exacta.<\/li>\n<li><strong>POL\u00cdTICA DE PRIVACIDAD<\/strong><br \/>\nEl usuario puede consultar c\u00f3mo PETROLIFERA CANARIA, S.A. utiliza sus datos y las medidas de seguridad implantadas en el enlace: \u00abPol\u00edtica de privacidad\u201d.<\/li>\n<li><strong>POL\u00cdTICA DE COOKIES<\/strong><br \/>\nPETROLIFERA CANARIA, S.A. instala cookies en el ordenador del usuario. Para conocer m\u00e1s las cookies de nuestro sitio web acuda al siguiente enlace: \u00abpol\u00edtica de cookies\u00bb.<\/li>\n<li><strong>NOTIFICACIONES<\/strong><br \/>\nTodas las notificaciones y comunicaciones entre los usuarios y PETROLIFERA CANARIA, S.A. se considerar\u00e1n eficaces, a todos los efectos, cuando se realicen a trav\u00e9s de correo postal o correo electr\u00f3nico o comunicaci\u00f3n telef\u00f3nica. Los usuarios deber\u00e1n dirigirse a PETROLIFERA CANARIA, S.A. mediante:<br \/>\n\u2022 Env\u00edo por correo postal a la siguiente direcci\u00f3n: PETROLIFERA CANARIA, S.A. \u2013 PUNTA DE LA VISTA 3, NAVE I . EDIFICIO EMPRESARIAL PUNTA DE LA VISTA 38111 &#8211; SANTA CRUZ DE TENERIFE.<br \/>\n\u2022 Env\u00edo por correo electr\u00f3nico a la siguiente direcci\u00f3n: pcan@pcan.es<\/li>\n<li><strong>PROPIEDAD INDUSTRIAL Y PROPIEDAD INTELECTUAL<\/strong><br \/>\nTodos los contenidos del sitio Web, como textos, fotograf\u00edas, gr\u00e1ficos, im\u00e1genes, iconos, tecnolog\u00eda, software, as\u00ed como su dise\u00f1o gr\u00e1fico y c\u00f3digos fuente, constituyen una obra cuya propiedad pertenece a PETROLIFERA CANARIA, S.A., sin que puedan entenderse cedidos al Usuario ninguno de los derechos de explotaci\u00f3n sobre los mismos m\u00e1s all\u00e1 de lo estrictamente necesario para el correcto uso de la Web.<br \/>\nEn definitiva, los usuarios que accedan a este sitio Web pueden visualizar los contenidos y efectuar, en su caso, copias privadas autorizadas siempre que los elementos reproducidos no sean cedidos posteriormente a terceros, ni se instalen a servidores conectados a redes, ni sean objeto de ning\u00fan tipo de explotaci\u00f3n y \u00fanica y exclusivamente mientras se encuentre en vigor el servicio.<br \/>\nAsimismo, todas las marcas, nombres comerciales o signos distintivos de cualquier clase que aparecen en el sitio Web son propiedad de PETROLIFERA CANARIA, S.A., sin que pueda entenderse que el uso o acceso al mismo atribuya al Usuario derecho alguno sobre los mismos.<br \/>\nQuedan prohibidas la distribuci\u00f3n, modificaci\u00f3n, cesi\u00f3n o comunicaci\u00f3n p\u00fablica de los contenidos y cualquier otro acto que no haya sido expresamente autorizado por PETROLIFERA CANARIA, S.A. En caso de incumplimiento PETROLIFERA CANARIA, S.A. proceder\u00e1 a adoptar las medidas legales oportunas.<\/li>\n<li><strong>EXENCI\u00d3N DE RESPONSABILIDAD Y MODIFICACI\u00d3N DEL PRESENTE AVISO LEGAL<\/strong><br \/>\nLa web www.pcan.es utiliza t\u00e9cnicas de seguridad de la informaci\u00f3n tales como firewalls, procedimientos de control de acceso y mecanismos criptogr\u00e1ficos, todo ello con el objetivo de evitar el acceso no autorizado a los datos y garantizar la confidencialidad de los mismos.<br \/>\nLa informaci\u00f3n que se difunde en esta web se hace \u00fanica y exclusivamente a t\u00edtulo informativo, reserv\u00e1ndose PETROLIFERA CANARIA, S.A. el derecho de eliminar o suspender su difusi\u00f3n, total o parcialmente, y a modificar la estructura y contenido de este sitio Web sin aviso previo, pudiendo incluso limitar o no permitir el acceso a dicha informaci\u00f3n. PETROLIFERA CANARIA, S.A. intenta mantener la calidad y actualizaci\u00f3n de esta informaci\u00f3n y evitar y minimizar posibles errores pero PETROLIFERA CANARIA, S.A. no responder\u00e1 de los da\u00f1os o perjuicios causados por decisiones tomadas en base a la informaci\u00f3n difundida; ni de inexactitudes, omisiones o errores contenidos en el mismo, ni de los problemas que se originen por el uso de este sitio Web u otro de conexi\u00f3n externa; ni de los da\u00f1os y\/o perjuicios en el software o hardware del usuario que se deriven del acceso a este sitio Web.<br \/>\nLos Usuarios aceptan expresamente que PETROLIFERA CANARIA, S.A. no ser\u00e1 responsable del acceso no autorizado o alteraci\u00f3n de sus transmisiones o datos, de cualquier material o datos enviados o recibidos o no enviados o recibidos, ni de ninguna transacci\u00f3n realizada a trav\u00e9s de su web.<br \/>\nPETROLIFERA CANARIA, S.A. se reserva el derecho a modificar el presente aviso legal unilateralmente y sin preaviso en los t\u00e9rminos y condiciones que estime conveniente con la \u00fanica obligaci\u00f3n de informar al usuario de las modificaciones efectuadas a trav\u00e9s de www.pcan.es.<\/p>\n<p>&nbsp;<\/li>\n<li><strong>NULIDAD PARCIAL<\/strong><br \/>\nSi alguna de las presentes cl\u00e1usulas fuese declarada nula y sin efecto por resoluci\u00f3n firme dictada por autoridad competente, los restantes t\u00e9rminos y condiciones permanecer\u00e1n en vigor, sin que queden afectados por dicha declaraci\u00f3n de nulidad.<\/li>\n<li><strong>LEY APLICABLE Y TRIBUNALES COMPETENTES<\/strong><br \/>\nEl presente sitio web queda sometido a lo establecido por la legislaci\u00f3n espa\u00f1ola y normativa europea que resulte de aplicaci\u00f3n<br \/>\nCualquier controversia que surja o guarde relaci\u00f3n con el uso de la p\u00e1gina web o con dichos productos ser\u00e1 sometida a la jurisdicci\u00f3n no exclusiva de los juzgados y tribunales espa\u00f1oles de la provincia de Santa Cruz de Tenerife.<br \/>\nSi se trata de un consumidor final nada en la presente cl\u00e1usula afectar\u00e1 a los derechos que como tal le reconoce la legislaci\u00f3n vigente, pudiendo elegir presentar una reclamaci\u00f3n para hacer valer sus derechos en relaci\u00f3n con las presentes Condiciones ante el Juez o Tribunales que correspondan a su domicilio.<\/p>\n<p>Fecha: 30\/09\/2025<br \/>\nVersi\u00f3n: V.1.0<\/li>\n<\/ol>\n","protected":false},"excerpt":{"rendered":"<p>El presente aviso legal regula el uso del sitio Web: www.pcan.es El sitio web www.pcan.es presta servicios cuyo objetivo primordial es permitir el contacto entre los usuarios y la entidad, bien para ponerse en contacto con nosotros, responder a su solicitud, gestionar su reclamaci\u00f3n, ejercitar sus derechos en protecci\u00f3n de datos,. La navegaci\u00f3n por la [&hellip;]<\/p>\n","protected":false},"author":1,"featured_media":0,"parent":0,"menu_order":0,"comment_status":"closed","ping_status":"closed","template":"","meta":{"footnotes":""},"class_list":["post-732","page","type-page","status-publish","hentry"],"_links":{"self":[{"href":"https:\/\/www.pcan.es\/nueva_web\/wp-json\/wp\/v2\/pages\/732","targetHints":{"allow":["GET"]}}],"collection":[{"href":"https:\/\/www.pcan.es\/nueva_web\/wp-json\/wp\/v2\/pages"}],"about":[{"href":"https:\/\/www.pcan.es\/nueva_web\/wp-json\/wp\/v2\/types\/page"}],"author":[{"embeddable":true,"href":"https:\/\/www.pcan.es\/nueva_web\/wp-json\/wp\/v2\/users\/1"}],"replies":[{"embeddable":true,"href":"https:\/\/www.pcan.es\/nueva_web\/wp-json\/wp\/v2\/comments?post=732"}],"version-history":[{"count":4,"href":"https:\/\/www.pcan.es\/nueva_web\/wp-json\/wp\/v2\/pages\/732\/revisions"}],"predecessor-version":[{"id":957,"href":"https:\/\/www.pcan.es\/nueva_web\/wp-json\/wp\/v2\/pages\/732\/revisions\/957"}],"wp:attachment":[{"href":"https:\/\/www.pcan.es\/nueva_web\/wp-json\/wp\/v2\/media?parent=732"}],"curies":[{"name":"wp","href":"https:\/\/api.w.org\/{rel}","templated":true}]}}