{"id":879,"date":"2022-08-30T13:57:18","date_gmt":"2022-08-30T13:57:18","guid":{"rendered":"https:\/\/www.pcan.es\/nueva_web\/?page_id=879"},"modified":"2023-06-08T08:52:37","modified_gmt":"2023-06-08T08:52:37","slug":"pcan-los-rodeos","status":"publish","type":"page","link":"https:\/\/www.pcan.es\/nueva_web\/pcan-los-rodeos\/","title":{"rendered":"PCAN LOS RODEOS"},"content":{"rendered":"<div class=\"wpb-content-wrapper\"><p>[vc_row][vc_column][vc_gmaps link=\u00bb#E-8_JTNDaWZyYW1lJTIwc3JjJTNEJTIyaHR0cHMlM0ElMkYlMkZ3d3cuZ29vZ2xlLmNvbSUyRm1hcHMlMkZlbWJlZCUzRnBiJTNEJTIxMW0xNCUyMTFtOCUyMTFtMyUyMTFkMTQwMjYuNTk4MjI0NzEzMjYyJTIxMmQtMTYuMzQ5NjA1MiUyMTNkMjguNDkwMDk4NyUyMTNtMiUyMTFpMTAyNCUyMTJpNzY4JTIxNGYxMy4xJTIxM20zJTIxMW0yJTIxMXMweDAlMjUzQTB4YTBhMzY5N2FkNTRlMzc1YiUyMTJzRS5TLiUyNTIwUGNhbiUyNTIwUm9kZW9zJTIxNWUwJTIxM20yJTIxMXNlcyUyMTJzZXMlMjE0djE2NjE4Njc4MDc0OTYlMjE1bTIlMjExc2VzJTIxMnNlcyUyMiUyMHdpZHRoJTNEJTIyNjAwJTIyJTIwaGVpZ2h0JTNEJTIyNDUwJTIyJTIwc3R5bGUlM0QlMjJib3JkZXIlM0EwJTNCJTIyJTIwYWxsb3dmdWxsc2NyZWVuJTNEJTIyJTIyJTIwbG9hZGluZyUzRCUyMmxhenklMjIlMjByZWZlcnJlcnBvbGljeSUzRCUyMm5vLXJlZmVycmVyLXdoZW4tZG93bmdyYWRlJTIyJTNFJTNDJTJGaWZyYW1lJTNF\u00bb][\/vc_column][\/vc_row][vc_row][vc_column][vc_column_text]<\/p>\n<h2><strong>PCAN LOS RODEOS<\/strong><\/h2>\n<p>En el norte de Tenerife, en aeropuerto Tenerife Norte Los Rodeos-Ciudad de Laguna, y de nueva construcci\u00f3n, se encuentra PCAN LOS RODEOS.<\/p>\n<p>Se trata de una estaci\u00f3n de nueva planta que tiene un dise\u00f1o moderno y respetuoso con el entorno. A destacar de que se trata de una estaci\u00f3n accesible y su horario 24 horas.<\/p>\n<p>Adem\u00e1s del servicio de repostaje en pista, tiene La Venta PCAN, cafeter\u00eda, t\u00fanel de Auto-Lavado y aspiradora.<\/p>\n<p><img loading=\"lazy\" decoding=\"async\" class=\"wp-image-883 alignleft\" src=\"https:\/\/www.pcan.es\/nueva_web\/wp-content\/uploads\/2022\/08\/WhatsApp-Image-2022-08-30-at-2.49.29-PM-1-1024x768.jpeg\" alt=\"\" width=\"379\" height=\"284\" srcset=\"https:\/\/www.pcan.es\/nueva_web\/wp-content\/uploads\/2022\/08\/WhatsApp-Image-2022-08-30-at-2.49.29-PM-1-1024x768.jpeg 1024w, https:\/\/www.pcan.es\/nueva_web\/wp-content\/uploads\/2022\/08\/WhatsApp-Image-2022-08-30-at-2.49.29-PM-1-300x225.jpeg 300w, https:\/\/www.pcan.es\/nueva_web\/wp-content\/uploads\/2022\/08\/WhatsApp-Image-2022-08-30-at-2.49.29-PM-1-768x576.jpeg 768w, https:\/\/www.pcan.es\/nueva_web\/wp-content\/uploads\/2022\/08\/WhatsApp-Image-2022-08-30-at-2.49.29-PM-1-1536x1152.jpeg 1536w, https:\/\/www.pcan.es\/nueva_web\/wp-content\/uploads\/2022\/08\/WhatsApp-Image-2022-08-30-at-2.49.29-PM-1-86x64.jpeg 86w, https:\/\/www.pcan.es\/nueva_web\/wp-content\/uploads\/2022\/08\/WhatsApp-Image-2022-08-30-at-2.49.29-PM-1.jpeg 2000w\" sizes=\"auto, (max-width: 379px) 100vw, 379px\" \/><\/p>\n<p>En \u00abLa Venta\u00bb tenemos todos los productos que necesitar\u00e1s en tu viaje, ya que disponemos de bebidas, alimentaci\u00f3n, snacks y prensa, adem\u00e1s de \u00fatiles para el veh\u00edculo.<\/p>\n<p>Nuestra cafeter\u00eda tiene una cocina esmerada y unos bocadillos que quitan el sentido. No puedes dejar de tomarte una ca\u00f1a y una de nuestras tapas.<\/p>\n<p>En nuestra estaciones intentamos tratarte a cuerpo de rey, ven y siente la diferencia.<\/p>\n<p>Si quieres que tu viaje sea perfecto no te olvides de repostar en nuestras gasolineras.[\/vc_column_text][\/vc_column][\/vc_row][vc_row][vc_column width=\u00bb1\/2&#8243;][vc_column_text]<\/p>\n<h2><strong>CONTACTO PCAN LOS RODEOS<\/strong><\/h2>\n<p><span class=\"LrzXr\">Carretera General Norte Rodeos, 174E, 38206, Santa Cruz de Tenerife<\/span><\/p>\n<p>San Crist\u00f3bal de La Laguna<\/p>\n<p>Tel\u00e9fono:\u00a0922 63 09 03<\/p>\n<p>Tel\u00e9fono de la cafeter\u00eda: 822 17 66 88<\/p>\n<p><a href=\"mailto:rodeos@pcan.es\">rodeos@pcan.es<\/a><\/p>\n<h2><strong>HORARIO:<\/strong><\/h2>\n<p>24 horas; servicios en pista L-D (6:00 &#8211; 22:00h).[\/vc_column_text][\/vc_column][vc_column width=\u00bb1\/2&#8243;][vc_column_text]<\/p>\n<h2><strong>SERVICIOS PCAN LOS RODEOS<\/strong><\/h2>\n<p><img loading=\"lazy\" decoding=\"async\" class=\"alignnone size-full wp-image-896\" src=\"https:\/\/www.pcan.es\/nueva_web\/wp-content\/uploads\/2022\/08\/repostaje-2.jpg\" alt=\"\" width=\"69\" height=\"72\" \/><img loading=\"lazy\" decoding=\"async\" class=\"alignnone size-full wp-image-895\" src=\"https:\/\/www.pcan.es\/nueva_web\/wp-content\/uploads\/2022\/08\/supermercado-1.png\" alt=\"\" width=\"64\" height=\"59\" \/><img loading=\"lazy\" decoding=\"async\" class=\"alignnone size-full wp-image-894\" src=\"https:\/\/www.pcan.es\/nueva_web\/wp-content\/uploads\/2022\/08\/tuneldelavado-1.jpg\" alt=\"\" width=\"69\" height=\"72\" \/><img loading=\"lazy\" decoding=\"async\" class=\"alignnone size-full wp-image-893\" src=\"https:\/\/www.pcan.es\/nueva_web\/wp-content\/uploads\/2022\/08\/cafeteria.png\" alt=\"\" width=\"64\" height=\"59\" \/><img loading=\"lazy\" decoding=\"async\" class=\"alignnone size-full wp-image-892\" src=\"https:\/\/www.pcan.es\/nueva_web\/wp-content\/uploads\/2022\/08\/box.jpg\" alt=\"\" width=\"69\" height=\"72\" \/><img loading=\"lazy\" decoding=\"async\" class=\"alignnone size-full wp-image-891\" src=\"https:\/\/www.pcan.es\/nueva_web\/wp-content\/uploads\/2022\/08\/aspiradora.jpg\" alt=\"\" width=\"69\" height=\"72\" \/><img loading=\"lazy\" decoding=\"async\" class=\"alignnone size-full wp-image-889\" src=\"https:\/\/www.pcan.es\/nueva_web\/wp-content\/uploads\/2022\/08\/24h.jpg\" alt=\"\" width=\"69\" height=\"72\" \/><img loading=\"lazy\" decoding=\"async\" class=\"alignnone size-full wp-image-888\" src=\"https:\/\/www.pcan.es\/nueva_web\/wp-content\/uploads\/2022\/08\/exposicioncoches.jpg\" alt=\"\" width=\"69\" height=\"69\" \/>[\/vc_column_text][\/vc_column][\/vc_row][vc_row][vc_column][vc_text_separator title=\u00bbFOTOS\u00bb color=\u00bbsky\u00bb add_icon=\u00bbtrue\u00bb][vc_gallery interval=\u00bb3&#8243; images=\u00bb880,881,882,883&#8243; img_size=\u00bbfull\u00bb][\/vc_column][\/vc_row][vc_row][vc_column][vc_text_separator title=\u00bbNOTICIAS\u00bb i_icon_fontawesome=\u00bbfa fa-rss\u00bb color=\u00bbsky\u00bb add_icon=\u00bbtrue\u00bb]\t\t\t<div class=\" bs-listing\n\t\t\tbs-listing-modern-grid-listing-7 bs-listing-single-tab\">\n\t\t\t\t<div\n\t\tclass=\"listing listing-modern-grid listing-modern-grid-7 clearfix slider-overlay-simple-gr\">\n\t\t<div class=\"mg-row mg-row-1 clearfix\">\n\t\t\t<div class=\"mg-col mg-col-1\">\n\t\t\t\t\t<article class=\"post-752 type-post format-standard has-post-thumbnail listing-item-1 listing-item listing-mg-item listing-mg-7-item listing-mg-type-1 main-term-6\">\n\t\t<div class=\"item-content\">\n\t\t\t<a class=\"img-cont\" href=\"https:\/\/www.pcan.es\/nueva_web\/recomendaciones-para-el-mantenimiento-de-tu-vehiculo-en-la-cuarentena\/\" title=\"RECOMENDACIONES PARA EL MANTENIMIENTO DE TU VEH\u00cdCULO EN LA CUARENTENA\"\n\t\t\t   style=\"background-image: url('https:\/\/www.pcan.es\/nueva_web\/wp-content\/uploads\/2020\/04\/woman-in-the-car-2022-01-19-00-03-49-utc-750x430.jpg')\"><\/a>\n\t\t\t<div class=\"term-badges floated\"><span class=\"term-badge term-6\"><a href=\"https:\/\/www.pcan.es\/nueva_web\/category\/consejos\/\">Consejos<\/a><\/span><span class=\"term-badge term-4\"><a href=\"https:\/\/www.pcan.es\/nueva_web\/category\/noticias\/\">Noticias<\/a><\/span><\/div>\t\t\t<div class=\"content-container\">\n\t\t\t\t<h2 class=\"title\">\n\t\t\t\t\t<a href=\"https:\/\/www.pcan.es\/nueva_web\/recomendaciones-para-el-mantenimiento-de-tu-vehiculo-en-la-cuarentena\/\" class=\"post-url post-title\">\n\t\t\t\t\t\tRECOMENDACIONES PARA EL MANTENIMIENTO DE TU VEH\u00cdCULO EN LA CUARENTENA\t\t\t\t\t<\/a>\n\t\t\t\t<\/h2>\n\t\t\t\t<div class=\"post-meta\">\n\n\t\t\t<a href=\"https:\/\/www.pcan.es\/nueva_web\/author\/innovatica\/\"\n\t\t   title=\"Art\u00edculos de autor\"\n\t\t   class=\"post-author-a\">\n\t\t\t<i class=\"post-author author\">\n\t\t\t\tPCAN\t\t\t<\/i>\n\t\t<\/a>\n\t\t\t<span class=\"time\"><time class=\"post-published updated\" datetime=\"2020-04-03T12:15:12+00:00\" title=\"viernes, abril 3, 2020, 12:15 pm\">3 Abr 2020<\/time><\/span>\n\t\t<\/div>\n\t\t\t<\/div>\n\t\t<\/div>\n\t<\/article>\n\t\t\t<\/div>\n\t\t\t<div class=\"mg-col mg-col-2\">\n\t\t\t\t\t<article class=\"post-739 type-post format-standard has-post-thumbnail listing-item-2 listing-item listing-mg-item listing-mg-7-item listing-mg-type-1 main-term-4\">\n\t\t<div class=\"item-content\">\n\t\t\t<a class=\"img-cont\" href=\"https:\/\/www.pcan.es\/nueva_web\/circular-informativa-ante-el-covad-19\/\" title=\"Circular Informativa ante el COVID-19\"\n\t\t\t   style=\"background-image: url('https:\/\/www.pcan.es\/nueva_web\/wp-content\/uploads\/2020\/03\/circular-informativa-739x1024-1-739x430.jpeg')\"><\/a>\n\t\t\t<div class=\"term-badges floated\"><span class=\"term-badge term-4\"><a href=\"https:\/\/www.pcan.es\/nueva_web\/category\/noticias\/\">Noticias<\/a><\/span><span class=\"term-badge term-5\"><a href=\"https:\/\/www.pcan.es\/nueva_web\/category\/pcan\/\">PCAN<\/a><\/span><\/div>\t\t\t<div class=\"content-container\">\n\t\t\t\t<h2 class=\"title\">\n\t\t\t\t\t<a href=\"https:\/\/www.pcan.es\/nueva_web\/circular-informativa-ante-el-covad-19\/\" class=\"post-url post-title\">\n\t\t\t\t\t\tCircular Informativa ante el COVID-19\t\t\t\t\t<\/a>\n\t\t\t\t<\/h2>\n\t\t\t\t<div class=\"post-meta\">\n\n\t\t\t<a href=\"https:\/\/www.pcan.es\/nueva_web\/author\/innovatica\/\"\n\t\t   title=\"Art\u00edculos de autor\"\n\t\t   class=\"post-author-a\">\n\t\t\t<i class=\"post-author author\">\n\t\t\t\tPCAN\t\t\t<\/i>\n\t\t<\/a>\n\t\t\t<span class=\"time\"><time class=\"post-published updated\" datetime=\"2020-03-14T16:27:12+00:00\" title=\"s\u00e1bado, marzo 14, 2020, 4:27 pm\">14 Mar 2020<\/time><\/span>\n\t\t<\/div>\n\t\t\t<\/div>\n\t\t<\/div>\n\t<\/article>\n\t\t\t<\/div>\n\t\t<\/div>\n\t\t\t\t<div class=\"mg-row mg-row-2 clearfix\">\n\t\t\t<div class=\"mg-col mg-col-1\">\n\t\t\t\t\t<article class=\"post-717 type-post format-standard has-post-thumbnail listing-item-3 listing-item listing-mg-item listing-mg-7-item listing-mg-type-1 main-term-6\">\n\t\t<div class=\"item-content\">\n\t\t\t<a class=\"img-cont\" href=\"https:\/\/www.pcan.es\/nueva_web\/sabes-como-limpiar-el-coche-correctamente\/\" title=\"\u00bfSabes c\u00f3mo limpiar el coche correctamente?\"\n\t\t\t   style=\"background-image: url('https:\/\/www.pcan.es\/nueva_web\/wp-content\/uploads\/2019\/03\/male-wiping-seat-clean-in-black-car-during-detaili-2022-01-19-00-11-08-utc-357x210.jpg')\"><\/a>\n\t\t\t<div class=\"term-badges floated\"><span class=\"term-badge term-6\"><a href=\"https:\/\/www.pcan.es\/nueva_web\/category\/consejos\/\">Consejos<\/a><\/span><\/div>\t\t\t<div class=\"content-container\">\n\t\t\t\t<h2 class=\"title\">\n\t\t\t\t\t<a href=\"https:\/\/www.pcan.es\/nueva_web\/sabes-como-limpiar-el-coche-correctamente\/\" class=\"post-url post-title\">\n\t\t\t\t\t\t\u00bfSabes c\u00f3mo limpiar el coche correctamente?\t\t\t\t\t<\/a>\n\t\t\t\t<\/h2>\n\t\t\t\t\t\t\t<\/div>\n\t\t<\/div>\n\t<\/article>\n\t\t\t<\/div>\n\t\t\t<div class=\"mg-col mg-col-2\">\n\t\t\t\t\t<article class=\"post-700 type-post format-standard has-post-thumbnail listing-item-4 listing-item listing-mg-item listing-mg-7-item listing-mg-type-1 main-term-4\">\n\t\t<div class=\"item-content\">\n\t\t\t<a class=\"img-cont\" href=\"https:\/\/www.pcan.es\/nueva_web\/cuales-son-las-diferencias-entre-el-diesel-y-la-gasolina\/\" title=\"\u00bfCu\u00e1les son las diferencias entre el di\u00e9sel y la gasolina?\"\n\t\t\t   style=\"background-image: url('https:\/\/www.pcan.es\/nueva_web\/wp-content\/uploads\/2019\/03\/refueling-car-with-gasoline-2021-10-14-18-00-47-utc-357x210.jpg')\"><\/a>\n\t\t\t<div class=\"term-badges floated\"><span class=\"term-badge term-4\"><a href=\"https:\/\/www.pcan.es\/nueva_web\/category\/noticias\/\">Noticias<\/a><\/span><\/div>\t\t\t<div class=\"content-container\">\n\t\t\t\t<h2 class=\"title\">\n\t\t\t\t\t<a href=\"https:\/\/www.pcan.es\/nueva_web\/cuales-son-las-diferencias-entre-el-diesel-y-la-gasolina\/\" class=\"post-url post-title\">\n\t\t\t\t\t\t\u00bfCu\u00e1les son las diferencias entre el di\u00e9sel y la gasolina?\t\t\t\t\t<\/a>\n\t\t\t\t<\/h2>\n\t\t\t\t\t\t\t<\/div>\n\t\t<\/div>\n\t<\/article>\n\t\t\t<\/div>\n\t\t\t<div class=\"mg-col mg-col-3\">\n\t\t\t\t\t<article class=\"post-1 type-post format-standard has-post-thumbnail listing-item-5 listing-item listing-mg-item listing-mg-7-item listing-mg-type-1 main-term-6\">\n\t\t<div class=\"item-content\">\n\t\t\t<a class=\"img-cont\" href=\"https:\/\/www.pcan.es\/nueva_web\/hola-mundo\/\" title=\"\u00a1Lava tu coche a un precio irresistible!\"\n\t\t\t   style=\"background-image: url('https:\/\/www.pcan.es\/nueva_web\/wp-content\/uploads\/2017\/01\/tunel-lavado-357x210.jpg')\"><\/a>\n\t\t\t<div class=\"term-badges floated\"><span class=\"term-badge term-6\"><a href=\"https:\/\/www.pcan.es\/nueva_web\/category\/consejos\/\">Consejos<\/a><\/span><\/div>\t\t\t<div class=\"content-container\">\n\t\t\t\t<h2 class=\"title\">\n\t\t\t\t\t<a href=\"https:\/\/www.pcan.es\/nueva_web\/hola-mundo\/\" class=\"post-url post-title\">\n\t\t\t\t\t\t\u00a1Lava tu coche a un precio irresistible!\t\t\t\t\t<\/a>\n\t\t\t\t<\/h2>\n\t\t\t\t\t\t\t<\/div>\n\t\t<\/div>\n\t<\/article>\n\t\t\t<\/div>\n\t\t<\/div>\n\t<\/div>\n\t\t\t<\/div>\n\t\t\t[\/vc_column][\/vc_row]<\/p>\n<\/div>","protected":false},"excerpt":{"rendered":"<p>[vc_row][vc_column][vc_gmaps link=\u00bb#E-8_JTNDaWZyYW1lJTIwc3JjJTNEJTIyaHR0cHMlM0ElMkYlMkZ3d3cuZ29vZ2xlLmNvbSUyRm1hcHMlMkZlbWJlZCUzRnBiJTNEJTIxMW0xNCUyMTFtOCUyMTFtMyUyMTFkMTQwMjYuNTk4MjI0NzEzMjYyJTIxMmQtMTYuMzQ5NjA1MiUyMTNkMjguNDkwMDk4NyUyMTNtMiUyMTFpMTAyNCUyMTJpNzY4JTIxNGYxMy4xJTIxM20zJTIxMW0yJTIxMXMweDAlMjUzQTB4YTBhMzY5N2FkNTRlMzc1YiUyMTJzRS5TLiUyNTIwUGNhbiUyNTIwUm9kZW9zJTIxNWUwJTIxM20yJTIxMXNlcyUyMTJzZXMlMjE0djE2NjE4Njc4MDc0OTYlMjE1bTIlMjExc2VzJTIxMnNlcyUyMiUyMHdpZHRoJTNEJTIyNjAwJTIyJTIwaGVpZ2h0JTNEJTIyNDUwJTIyJTIwc3R5bGUlM0QlMjJib3JkZXIlM0EwJTNCJTIyJTIwYWxsb3dmdWxsc2NyZWVuJTNEJTIyJTIyJTIwbG9hZGluZyUzRCUyMmxhenklMjIlMjByZWZlcnJlcnBvbGljeSUzRCUyMm5vLXJlZmVycmVyLXdoZW4tZG93bmdyYWRlJTIyJTNFJTNDJTJGaWZyYW1lJTNF\u00bb][\/vc_column][\/vc_row][vc_row][vc_column][vc_column_text] PCAN LOS RODEOS En el norte de Tenerife, en aeropuerto Tenerife Norte Los Rodeos-Ciudad de Laguna, y de nueva construcci\u00f3n, se encuentra PCAN LOS RODEOS. Se trata de una estaci\u00f3n de nueva planta que tiene un dise\u00f1o moderno y respetuoso con el entorno. A destacar de que se trata de una estaci\u00f3n accesible [&hellip;]<\/p>\n","protected":false},"author":1,"featured_media":0,"parent":0,"menu_order":0,"comment_status":"closed","ping_status":"closed","template":"","meta":{"footnotes":""},"class_list":["post-879","page","type-page","status-publish","hentry"],"_links":{"self":[{"href":"https:\/\/www.pcan.es\/nueva_web\/wp-json\/wp\/v2\/pages\/879","targetHints":{"allow":["GET"]}}],"collection":[{"href":"https:\/\/www.pcan.es\/nueva_web\/wp-json\/wp\/v2\/pages"}],"about":[{"href":"https:\/\/www.pcan.es\/nueva_web\/wp-json\/wp\/v2\/types\/page"}],"author":[{"embeddable":true,"href":"https:\/\/www.pcan.es\/nueva_web\/wp-json\/wp\/v2\/users\/1"}],"replies":[{"embeddable":true,"href":"https:\/\/www.pcan.es\/nueva_web\/wp-json\/wp\/v2\/comments?post=879"}],"version-history":[{"count":8,"href":"https:\/\/www.pcan.es\/nueva_web\/wp-json\/wp\/v2\/pages\/879\/revisions"}],"predecessor-version":[{"id":920,"href":"https:\/\/www.pcan.es\/nueva_web\/wp-json\/wp\/v2\/pages\/879\/revisions\/920"}],"wp:attachment":[{"href":"https:\/\/www.pcan.es\/nueva_web\/wp-json\/wp\/v2\/media?parent=879"}],"curies":[{"name":"wp","href":"https:\/\/api.w.org\/{rel}","templated":true}]}}